{"id":681,"date":"2021-12-15T11:39:35","date_gmt":"2021-12-15T10:39:35","guid":{"rendered":"https:\/\/bebright.photography\/paarshooting\/?page_id=681"},"modified":"2026-01-29T03:34:12","modified_gmt":"2026-01-29T02:34:12","slug":"datenschutzerklaerung","status":"publish","type":"page","link":"https:\/\/bebright.photography\/paarshooting\/datenschutzerklaerung\/","title":{"rendered":"Datenschutzerkl\u00e4rung"},"content":{"rendered":"\n<p>1. Name und Kontaktdaten des f\u00fcr die Verarbeitung Verantwortlichen sowie des betrieblichen Datenschutzbeauftragten.<\/p>\n\n\n\n<p>Diese Datenschutzinformation gilt f\u00fcr die Datenverarbeitung durch den betrieblichen Datenschutzbeauftragten: Verantwortlicher:\u00a0\u00a0\u00a0\u00a0Jan Breitmeier, Kleinstr 22, 40597 D\u00fcsseldorf, Email: impressum@bebright.photography, Telefon: +49 155 68 16 44 64<\/p>\n\n\n\n<p>2. Erhebung und Speicherung personenbezogener Daten sowie Art und Zweck von deren Verwendung.<\/p>\n\n\n\n<p>a) Beim Abrufen der Website<\/p>\n\n\n\n<p>Beim Besuch unserer Website <a href=\"https:\/\/bebright.photography\">https:\/\/bebright.photography<\/a>&nbsp; werden durch den Browser Ihres Endger\u00e4ts automatisch Daten an den Server unserer Website gesendet. Diese Daten werden vor\u00fcbergehend in einem sog. Logfile gespeichert. Folgende Informationen werden ohne Ihr Zutun erfasst und bis zur automatisierten L\u00f6schung gespeichert:<\/p>\n\n\n\n<ul><li>IP-Adresse von Ihrem Endger\u00e4t<\/li><li>URL der abgerufenen Datei<\/li><li>Website, von der aus der Zugriff erfolgt<\/li><li>verwendeter Browser und Internetdienstanbieter<\/li><li>verwendetes Betriebssystem<\/li><\/ul>\n\n\n\n<p>Die aufgef\u00fchrten Daten werden durch uns verarbeitet um die reibungslose Auslieferung der Website zu garantieren und die Nutzung der Webseite zu verbessern. Die Rechtsgrundlage f\u00fcr die Datenverarbeitung ist Art. 6 Abs. 1 S. 1 lit. f DSGVO.<\/p>\n\n\n\n<p>Dar\u00fcber hinaus setzen wir beim Besuch unserer Website Cookies ein. N\u00e4here Erl\u00e4uterungen dazu erhalten Sie unter Ziffer 3 dieser Datenschutzerkl\u00e4rung.<\/p>\n\n\n\n<p>3. Nutzung des Kontaktformulars auf unserer Webseite<\/p>\n\n\n\n<p>Sie haben die M\u00f6glichkeit uns mittels des auf der Webseite bereitgestellten Kontaktformulars zu kontaktieren. Die Angabe Ihres Namens und Ihrer g\u00fcltigen E-Mail-Adresse ist erforderlich damit wir die Anfrage beantworten k\u00f6nnen. Alle weiteren Angaben sind freiwillig. Die Datenverarbeitung zum Zweck der Kontaktaufnahme mit uns erfolgt nach Art. 6 Abs. 1 S. 1 lit. a DSGVO auf Grundlage Ihrer freiwillig erteilten Einwilligung.<\/p>\n\n\n\n<p>Wenn Sie uns per Kontaktformular Anfragen zukommen lassen, werden Ihre Angaben inklusive der von Ihnen dort angegebenen Kontaktdaten zwecks Bearbeitung der Anfrage und f\u00fcr den Fall von Anschlussfragen bei uns gespeichert. Die L\u00f6schung Ihrer personenbezogenen Daten k\u00f6nnen Sie k\u00f6nnen formlos per E-Mail beantragen.<\/p>\n\n\n\n<p>4. Kontaktaufnahme \u00fcber E-Mail, Anruf, SMS<\/p>\n\n\n\n<p>Sie haben die M\u00f6glichkeit uns mittels eines Anrufs, einer E-Mail, oder SMS zu kontaktieren. Alle Angaben die Sie bei der Kontaktaufnahme machen sind auf freiwilliger Basis. Ihre Nachricht wird zwecks Bearbeitung der Anfrage und f\u00fcr den Fall von Anschlussfragen bei uns gespeichert. Die L\u00f6schung Ihrer personenbezogenen Daten k\u00f6nnen Sie k\u00f6nnen formlos beantragen.<\/p>\n\n\n\n<p>5. Kontaktaufnahme mittels sozialer Netze und anderen Kommunikationsplattformen.<\/p>\n\n\n\n<p>Es steht Ihnen frei uns mittels Kommunikationsplattformen wie Facebook, Instagram, VK, OK und WhatsApp zu kontaktieren. Alle Angaben die Sie bei der Kontaktaufnahme machen sind auf freiwilliger Basis.<\/p>\n\n\n\n<p>Wir weisen Sie ausdr\u00fccklich darauf hin, dass dass die Betreiber von Kommunikationsplattformen die Kommunikation speichern und verarbeiten k\u00f6nnen! Falls Sie dieses Risiko nicht eingehen m\u00f6chten, empfehlen wir die Kontaktaufnahme \u00fcber unser Kontaktformular, einen Anruf, oder eine E-Mail.<\/p>\n\n\n\n<p>Ihre Anfragen werden zwecks Bearbeitung und f\u00fcr den Fall von Anschlussfragen bei uns gespeichert. Die L\u00f6schung Ihrer personenbezogenen Daten k\u00f6nnen Sie formlos beantragen.<\/p>\n\n\n\n<p>6. Eine Weitergabe Ihrer pers\u00f6nlichen Daten an Dritte zu anderen als den im Folgenden aufgef\u00fchrten Zwecken findet nicht statt.<\/p>\n\n\n\n<p>Ihre Daten werden an Dritte nur weitergegeben wenn:<\/p>\n\n\n\n<ul><li>Sie Ihre nach Art. 6 Abs. 1 S. 1 lit. a DSGVO ausdr\u00fcckliche Einwilligung dazu erteilt haben,&nbsp; die Weitergabe nach Art. 6 Abs. 1 S. 1 lit. f DSGVO zur Geltendmachung, Aus\u00fcbung oder Verteidigung von Rechtsanspr\u00fcchen erforderlich ist und kein Grund zur Annahme besteht, dass Sie ein \u00fcberwiegendes schutzw\u00fcrdiges Interesse an der Nichtweitergabe Ihrer Daten haben,<\/li><li>f\u00fcr den Fall, dass f\u00fcr die Weitergabe nach Art. 6 Abs. 1 S. 1 lit. c DSGVO eine gesetzliche Verpflichtung besteht,<\/li><li>sowie dies gesetzlich zul\u00e4ssig und nach Art. 6 Abs. 1 S. 1 lit. b DSGVO f\u00fcr die Abwicklung von Vertragsverh\u00e4ltnissen mit Ihnen erforderlich ist.<\/li><\/ul>\n\n\n\n<p><strong>Datenschutz<\/strong><\/p>\n\n\n\n<p>Der Betreiber dieser Webseiten nimmt den Schutz Ihrer pers\u00f6nlichen Daten sehr ernst. Ihre personenbezogenen Daten werden vertraulich und entsprechend der gesetzlichen Datenschutzvorschriften sowie dieser Datenschutzerkl\u00e4rung behandelt.<\/p>\n\n\n\n<p>Die Nutzung dieser Webseiten ist in der Regel ohne Angabe personenbezogener Daten m\u00f6glich. Soweit auf den Webseiten personenbezogene Daten (beispielsweise Name, Anschrift oder E-Mail-Adressen) erhoben werden, erfolgt dies, soweit m\u00f6glich, stets auf freiwilliger Basis. Diese Daten werden ohne Ihre ausdr\u00fcckliche Zustimmung nicht an Dritte weitergegeben.<\/p>\n\n\n\n<p>Wir weisen darauf hin, dass die Daten\u00fcbertragung im Internet (z.B. bei der Kommunikation \u00fcber E-Mail) grunds\u00e4tzlich Sicherheitsl\u00fccken aufweisen kann. Ein l\u00fcckenloser Schutz der Daten vor dem Zugriff durch Andere ist nicht m\u00f6glich.<\/p>\n\n\n\n<p><strong>Cookies<\/strong><\/p>\n\n\n\n<p>Die Internetseiten verwenden teilweise so genannte Cookies. Cookies richten auf Ihrem Rechner keinen Schaden an und enthalten keine Viren. Cookies dienen dazu, unser Angebot nutzerfreundlicher, effektiver und sicherer zu machen. Cookies sind kleine Textdateien, die auf Ihrem Rechner abgelegt werden und die Ihr Browser speichert.<\/p>\n\n\n\n<p>Die meisten der von uns verwendeten Cookies sind so genannte \u201eSession-Cookies\u201c. Sie werden nach Ende Ihres Besuchs automatisch gel\u00f6scht. Andere Cookies bleiben auf Ihrem Endger\u00e4t gespeichert, bis Sie diese l\u00f6schen. Diese Cookies erm\u00f6glichen es uns, Ihren Browser beim n\u00e4chsten Besuch wiederzuerkennen.<\/p>\n\n\n\n<p>Sie k\u00f6nnen Ihren Browser so einstellen, dass Sie \u00fcber das Setzen von Cookies informiert werden und Cookies nur im Einzelfall erlauben, die Annahme von Cookies f\u00fcr bestimmte F\u00e4lle oder generell ausschlie\u00dfen sowie das automatische L\u00f6schen der Cookies beim Schlie\u00dfen des Browser aktivieren. Bei der Deaktivierung von Cookies kann die Funktionalit\u00e4t dieser Website eingeschr\u00e4nkt sein.<\/p>\n\n\n\n<p><strong>Kontaktformular<\/strong><\/p>\n\n\n\n<p>Wenn Sie uns per Kontaktformular Anfragen zukommen lassen, werden Ihre Angaben aus dem Kontaktformular inklusive der von Ihnen dort angegebenen Kontaktdaten zwecks Bearbeitung der Anfrage und f\u00fcr den Fall von Anschlussfragen bei uns gespeichert. Diese Daten geben wir nicht ohne Ihre Einwilligung weiter.<\/p>\n","protected":false},"excerpt":{"rendered":"<p>1. Name und Kontaktdaten des f\u00fcr die Verarbeitung Verantwortlichen sowie des betrieblichen Datenschutzbeauftragten. Diese Datenschutzinformation gilt f\u00fcr die Datenverarbeitung durch den betrieblichen Datenschutzbeauftragten: Verantwortlicher:\u00a0\u00a0\u00a0\u00a0Jan Breitmeier, Kleinstr 22, 40597 D\u00fcsseldorf, Email: impressum@bebright.photography, Telefon: +49 155 68 16 44 64 2. Erhebung und Speicherung personenbezogener Daten sowie Art und Zweck von deren Verwendung. a) Beim Abrufen der [&hellip;]<\/p>\n","protected":false},"author":1,"featured_media":0,"parent":0,"menu_order":0,"comment_status":"closed","ping_status":"closed","template":"","meta":{"_seopress_robots_primary_cat":"","_seopress_titles_title":"","_seopress_titles_desc":"","_seopress_robots_index":"yes"},"_links":{"self":[{"href":"https:\/\/bebright.photography\/paarshooting\/wp-json\/wp\/v2\/pages\/681"}],"collection":[{"href":"https:\/\/bebright.photography\/paarshooting\/wp-json\/wp\/v2\/pages"}],"about":[{"href":"https:\/\/bebright.photography\/paarshooting\/wp-json\/wp\/v2\/types\/page"}],"author":[{"embeddable":true,"href":"https:\/\/bebright.photography\/paarshooting\/wp-json\/wp\/v2\/users\/1"}],"replies":[{"embeddable":true,"href":"https:\/\/bebright.photography\/paarshooting\/wp-json\/wp\/v2\/comments?post=681"}],"version-history":[{"count":2,"href":"https:\/\/bebright.photography\/paarshooting\/wp-json\/wp\/v2\/pages\/681\/revisions"}],"predecessor-version":[{"id":1247,"href":"https:\/\/bebright.photography\/paarshooting\/wp-json\/wp\/v2\/pages\/681\/revisions\/1247"}],"wp:attachment":[{"href":"https:\/\/bebright.photography\/paarshooting\/wp-json\/wp\/v2\/media?parent=681"}],"curies":[{"name":"wp","href":"https:\/\/api.w.org\/{rel}","templated":true}]}}