{"id":411,"date":"2021-12-13T16:10:38","date_gmt":"2021-12-13T15:10:38","guid":{"rendered":"https:\/\/bebright.photography\/paarshootink\/?page_id=411"},"modified":"2023-11-30T04:51:33","modified_gmt":"2023-11-30T03:51:33","slug":"paarshooting","status":"publish","type":"page","link":"https:\/\/bebright.photography\/paarshooting\/","title":{"rendered":"Paarshooting"},"content":{"rendered":"","protected":false},"excerpt":{"rendered":"","protected":false},"author":1,"featured_media":458,"parent":0,"menu_order":0,"comment_status":"closed","ping_status":"closed","template":"","meta":{"_seopress_robots_primary_cat":"","_seopress_titles_title":"Paarshooting in D\u00fcsseldorf, K\u00f6ln, NRW \ud83d\udda4 Coole P\u00e4rchenfotos","_seopress_titles_desc":"Paarshooting - ein cooles Fotoshooting welches sich um euch als Paar dreht, voller N\u00e4he und Emotionen. Inkl Coaching f\u00fcr nat\u00fcrliche Fotos","_seopress_robots_index":""},"_links":{"self":[{"href":"https:\/\/bebright.photography\/paarshooting\/wp-json\/wp\/v2\/pages\/411"}],"collection":[{"href":"https:\/\/bebright.photography\/paarshooting\/wp-json\/wp\/v2\/pages"}],"about":[{"href":"https:\/\/bebright.photography\/paarshooting\/wp-json\/wp\/v2\/types\/page"}],"author":[{"embeddable":true,"href":"https:\/\/bebright.photography\/paarshooting\/wp-json\/wp\/v2\/users\/1"}],"replies":[{"embeddable":true,"href":"https:\/\/bebright.photography\/paarshooting\/wp-json\/wp\/v2\/comments?post=411"}],"version-history":[{"count":10,"href":"https:\/\/bebright.photography\/paarshooting\/wp-json\/wp\/v2\/pages\/411\/revisions"}],"predecessor-version":[{"id":1214,"href":"https:\/\/bebright.photography\/paarshooting\/wp-json\/wp\/v2\/pages\/411\/revisions\/1214"}],"wp:featuredmedia":[{"embeddable":true,"href":"https:\/\/bebright.photography\/paarshooting\/wp-json\/wp\/v2\/media\/458"}],"wp:attachment":[{"href":"https:\/\/bebright.photography\/paarshooting\/wp-json\/wp\/v2\/media?parent=411"}],"curies":[{"name":"wp","href":"https:\/\/api.w.org\/{rel}","templated":true}]}}