{"id":128,"date":"2021-09-01T03:56:04","date_gmt":"2021-09-01T01:56:04","guid":{"rendered":"https:\/\/bebright.photography\/paarshootink\/?page_id=128"},"modified":"2021-12-15T16:35:00","modified_gmt":"2021-12-15T15:35:00","slug":"tipps","status":"publish","type":"page","link":"https:\/\/bebright.photography\/paarshooting\/tipps\/","title":{"rendered":"Tipps"},"content":{"rendered":"","protected":false},"excerpt":{"rendered":"","protected":false},"author":1,"featured_media":255,"parent":0,"menu_order":0,"comment_status":"closed","ping_status":"closed","template":"","meta":{"_seopress_robots_primary_cat":"","_seopress_titles_title":"Paarshooting Tipps von Fotografen f\u00fcr nat\u00fcrliche P\u00e4rchenfotos","_seopress_titles_desc":"Die besten Tipps f\u00fcr ein cooles Paarshooting, kostenlose Guides f\u00fcr Fotoshooting Zeit, Outfit, Lokationen und mehr.","_seopress_robots_index":""},"_links":{"self":[{"href":"https:\/\/bebright.photography\/paarshooting\/wp-json\/wp\/v2\/pages\/128"}],"collection":[{"href":"https:\/\/bebright.photography\/paarshooting\/wp-json\/wp\/v2\/pages"}],"about":[{"href":"https:\/\/bebright.photography\/paarshooting\/wp-json\/wp\/v2\/types\/page"}],"author":[{"embeddable":true,"href":"https:\/\/bebright.photography\/paarshooting\/wp-json\/wp\/v2\/users\/1"}],"replies":[{"embeddable":true,"href":"https:\/\/bebright.photography\/paarshooting\/wp-json\/wp\/v2\/comments?post=128"}],"version-history":[{"count":10,"href":"https:\/\/bebright.photography\/paarshooting\/wp-json\/wp\/v2\/pages\/128\/revisions"}],"predecessor-version":[{"id":393,"href":"https:\/\/bebright.photography\/paarshooting\/wp-json\/wp\/v2\/pages\/128\/revisions\/393"}],"wp:featuredmedia":[{"embeddable":true,"href":"https:\/\/bebright.photography\/paarshooting\/wp-json\/wp\/v2\/media\/255"}],"wp:attachment":[{"href":"https:\/\/bebright.photography\/paarshooting\/wp-json\/wp\/v2\/media?parent=128"}],"curies":[{"name":"wp","href":"https:\/\/api.w.org\/{rel}","templated":true}]}}